{"id":722,"date":"2024-10-16T02:50:28","date_gmt":"2024-10-16T02:50:28","guid":{"rendered":"https:\/\/brasilmania.com\/product\/3-coracoes-coffee\/"},"modified":"2024-11-01T23:24:48","modified_gmt":"2024-11-01T23:24:48","slug":"3-coracoes-coffee","status":"publish","type":"product","link":"https:\/\/brasilmania.com\/pt\/produto\/3-coracoes-coffee\/","title":{"rendered":"3 Cora\u00e7\u00f5es Coffee"},"content":{"rendered":"<p>3 Cora\u00e7\u00f5es Traditional Coffee<\/p>","protected":false},"excerpt":{"rendered":"<p>3 Cora\u00e7\u00f5es Traditional Coffee<\/p>","protected":false},"featured_media":1061,"template":"","meta":[],"product_brand":[],"product_cat":[35],"product_tag":[],"class_list":{"0":"post-722","1":"product","2":"type-product","3":"status-publish","4":"has-post-thumbnail","6":"product_cat-sweets-snacks","8":"first","9":"instock","10":"shipping-taxable","11":"purchasable","12":"product-type-simple"},"acf":[],"_links":{"self":[{"href":"https:\/\/brasilmania.com\/pt\/wp-json\/wp\/v2\/product\/722"}],"collection":[{"href":"https:\/\/brasilmania.com\/pt\/wp-json\/wp\/v2\/product"}],"about":[{"href":"https:\/\/brasilmania.com\/pt\/wp-json\/wp\/v2\/types\/product"}],"wp:featuredmedia":[{"embeddable":true,"href":"https:\/\/brasilmania.com\/pt\/wp-json\/wp\/v2\/media\/1061"}],"wp:attachment":[{"href":"https:\/\/brasilmania.com\/pt\/wp-json\/wp\/v2\/media?parent=722"}],"wp:term":[{"taxonomy":"product_brand","embeddable":true,"href":"https:\/\/brasilmania.com\/pt\/wp-json\/wp\/v2\/product_brand?post=722"},{"taxonomy":"product_cat","embeddable":true,"href":"https:\/\/brasilmania.com\/pt\/wp-json\/wp\/v2\/product_cat?post=722"},{"taxonomy":"product_tag","embeddable":true,"href":"https:\/\/brasilmania.com\/pt\/wp-json\/wp\/v2\/product_tag?post=722"}],"curies":[{"name":"wp","href":"https:\/\/api.w.org\/{rel}","templated":true}]}}